{"id":18,"date":"2021-01-30T17:23:52","date_gmt":"2021-01-30T17:23:52","guid":{"rendered":"https:\/\/www.ignacioperez.eu\/?page_id=18"},"modified":"2021-03-14T18:15:23","modified_gmt":"2021-03-14T18:15:23","slug":"inicio","status":"publish","type":"page","link":"https:\/\/www.ignacioperez.eu\/es\/","title":{"rendered":"Home"},"content":{"rendered":"<h2>Presentaci\u00f3n<\/h2>\n<p>Actualmente trabajo en diferentes proyectos ...<\/p>\n<p>Durante mi periodo de investigaci\u00f3n en Bonn (a\u00f1os 2001 a 2006) ...<\/p>\n<p>Durante mi carrera, he tenido el privilegio de trabajar con equipos altamente motivados ...<\/p>\n<p>Ignacio P\u00e9rez Dom\u00ednguez<\/p>\n<h2>Competencias profesionales<\/h2>\n<ul>\n<li>Econom\u00eda agr\u00edcola y comercial<\/li>\n<li>Uso de modelos de simulaci\u00f3n y programaci\u00f3n matem\u00e1tica para la evaluaci\u00f3n de pol\u00edticas<\/li>\n<li>An\u00e1lisis de cuestiones relacionadas con el comercio y el medio ambiente en la agricultura<\/li>\n<li>V\u00ednculos entre los mercados agr\u00edcola y energ\u00e9tico<\/li>\n<\/ul>","protected":false},"excerpt":{"rendered":"<p>Personal presentation I\u00a0currently work on different projects dealing with environmental and agricultural economics, mainly\u00a0from the quantitative side.\u00a0Actually, the issues of policy data analysis, result dissemination and team work management in the agri-environmental research are particularly attractive for me, since they match my research interest, experience and professional development goals. Lately I dedicate more and more [&hellip;]<\/p>","protected":false},"author":4,"featured_media":0,"parent":0,"menu_order":1,"comment_status":"closed","ping_status":"closed","template":"","meta":{"site-sidebar-layout":"default","site-content-layout":"default","ast-site-content-layout":"","site-content-style":"default","site-sidebar-style":"default","ast-global-header-display":"","ast-banner-title-visibility":"","ast-main-header-display":"","ast-hfb-above-header-display":"","ast-hfb-below-header-display":"","ast-hfb-mobile-header-display":"","site-post-title":"disabled","ast-breadcrumbs-content":"","ast-featured-img":"","footer-sml-layout":"","theme-transparent-header-meta":"default","adv-header-id-meta":"","stick-header-meta":"","header-above-stick-meta":"","header-main-stick-meta":"","header-below-stick-meta":"","astra-migrate-meta-layouts":"default","ast-page-background-enabled":"default","ast-page-background-meta":{"desktop":{"background-color":"var(--ast-global-color-4)","background-image":"","background-repeat":"repeat","background-position":"center center","background-size":"auto","background-attachment":"scroll","background-type":"","background-media":"","overlay-type":"","overlay-color":"","overlay-opacity":"","overlay-gradient":""},"tablet":{"background-color":"","background-image":"","background-repeat":"repeat","background-position":"center center","background-size":"auto","background-attachment":"scroll","background-type":"","background-media":"","overlay-type":"","overlay-color":"","overlay-opacity":"","overlay-gradient":""},"mobile":{"background-color":"","background-image":"","background-repeat":"repeat","background-position":"center center","background-size":"auto","background-attachment":"scroll","background-type":"","background-media":"","overlay-type":"","overlay-color":"","overlay-opacity":"","overlay-gradient":""}},"ast-content-background-meta":{"desktop":{"background-color":"var(--ast-global-color-5)","background-image":"","background-repeat":"repeat","background-position":"center center","background-size":"auto","background-attachment":"scroll","background-type":"","background-media":"","overlay-type":"","overlay-color":"","overlay-opacity":"","overlay-gradient":""},"tablet":{"background-color":"var(--ast-global-color-5)","background-image":"","background-repeat":"repeat","background-position":"center center","background-size":"auto","background-attachment":"scroll","background-type":"","background-media":"","overlay-type":"","overlay-color":"","overlay-opacity":"","overlay-gradient":""},"mobile":{"background-color":"var(--ast-global-color-5)","background-image":"","background-repeat":"repeat","background-position":"center center","background-size":"auto","background-attachment":"scroll","background-type":"","background-media":"","overlay-type":"","overlay-color":"","overlay-opacity":"","overlay-gradient":""}},"footnotes":""},"class_list":["post-18","page","type-page","status-publish","hentry"],"_links":{"self":[{"href":"https:\/\/www.ignacioperez.eu\/es\/wp-json\/wp\/v2\/pages\/18","targetHints":{"allow":["GET"]}}],"collection":[{"href":"https:\/\/www.ignacioperez.eu\/es\/wp-json\/wp\/v2\/pages"}],"about":[{"href":"https:\/\/www.ignacioperez.eu\/es\/wp-json\/wp\/v2\/types\/page"}],"author":[{"embeddable":true,"href":"https:\/\/www.ignacioperez.eu\/es\/wp-json\/wp\/v2\/users\/4"}],"replies":[{"embeddable":true,"href":"https:\/\/www.ignacioperez.eu\/es\/wp-json\/wp\/v2\/comments?post=18"}],"version-history":[{"count":1,"href":"https:\/\/www.ignacioperez.eu\/es\/wp-json\/wp\/v2\/pages\/18\/revisions"}],"predecessor-version":[{"id":84,"href":"https:\/\/www.ignacioperez.eu\/es\/wp-json\/wp\/v2\/pages\/18\/revisions\/84"}],"wp:attachment":[{"href":"https:\/\/www.ignacioperez.eu\/es\/wp-json\/wp\/v2\/media?parent=18"}],"curies":[{"name":"wp","href":"https:\/\/api.w.org\/{rel}","templated":true}]}}