{"id":38,"date":"2021-01-30T18:13:43","date_gmt":"2021-01-30T18:13:43","guid":{"rendered":"https:\/\/www.ignacioperez.eu\/?page_id=38"},"modified":"2021-01-30T18:13:51","modified_gmt":"2021-01-30T18:13:51","slug":"journal-articles-and-books","status":"publish","type":"page","link":"https:\/\/www.ignacioperez.eu\/en\/publications\/journal-articles-and-books\/","title":{"rendered":"Journal articles and books"},"content":{"rendered":"<p>Rosenzweig C., Ruane, A.C., Antle J., Elliott J., Ashfaq M., Chatta A., Ewert F., Hathie I.,\u00a0 Havlik P., Hoogenboom G., Lotze-Campen H., Mason-D\u2019Croz D., MacCarthy D.S., M\u00fcller C., Perez-Dominguez I., Phillips M., Porter C., Raymundo R., Sands R., Schleussner C.F., Valdivia R., Valin H. and K. Wiebe (2018) Coordinating AgMIP data and models across global and regional scales for 1.5\u00b0C and 2.0\u00b0C assessments, Philosophical Transactions of The Royal Society A Mathematical Physical and Engineering Sciences 376(2119), doi: 10.1098\/rsta.2016.0455<\/p>\n<p>P\u00e9rez Dom\u00ednguez I. and Fellmann T. (Eds) (2017): Challenges of Global Agriculture in a Climate Change Context by 2050, European Commission, Joint Research Centre Science for Policy Report, EUR 28649 EN, doi: 10.2760\/772445.<\/p>\n<p>Santini F., Ronzon T., Perez Dominguez I., Araujo Enciso S.R. and I. Proietti I. (2017) What if meat consumption would decrease more than expected in the high-income countries?, Bio-based and Applied Economics 6(1): 37-56, 2017, doi: 10.13128\/BAE-16372<\/p>\n<p>Araujo Enciso, S.R., Fellmann T., Perez Dom\u00ednguez, I and Santini F. (2016) Abolishing biofuel policies: Possible impacts on agricultural price levels, price variability and global food security, Food Policy, Volume 61, May 2016, Pages 9\u201326<\/p>\n<p>Britz W., P\u00e9rez Dom\u00ednguez I. and Gopalakrishnan B. (2015) Analyzing results from agricultural large-scale Economic Simulation Model: Recent Progress and the Way Ahead German Journal of Agricultural Economics, p. 107-119 no. 2 vol. 64.<\/p>\n<p>P\u00e9rez Dom\u00ednguez I. and Fellmann T (2015) The Need for Comprehensive Climate Change Mitigation Policies in European Agriculture, EuroChoices 14(1),The Agricultural Economics Society and the European Association of Agricultural Economists<\/p>\n<p>Tukker A, de Koning A, Wolf O, Bausch-Goldbohm S, Verheijden M, Kleijn R, P\u00e9rez-Dom\u00ednguez I\u00a0and Rueda-Cantuche JM (2011) Environmental Impacts of Changes to Healthier Diets in Europe,\u00a0<em>Ecological Economics<\/em>\u00a070 (2011) 1776\u20131788, Elsevier<\/p>\n<p>Janssen S, Athanasiadis I, Li H, Bezlepkina I, Knapen R, P\u00e9rez Dom\u00ednguez I, Rizzoli A.E and van Ittersum M.K (2011) Linking Models for Assessing Agricultural Land Use Change,\u00a0<em>Computers and Electronics in Agriculture<\/em>\u00a076 (2) 148-160, Elsevier<\/p>\n<p>Sieber S and P\u00e9rez Dom\u00ednguez I (2011 &#8211; in press) Impact Assessment of Agri-food Policies in Europe: Methods, Tools and Applications &#8211; Editorial (2011\u00a0),\u00a0<em>Journal of Policy Modeling,<\/em>\u00a033(1), Elsevier<\/p>\n<p>Kempen M, Witzke P, P\u00e9rez Dom\u00ednguez I, Jansson T and Sckokai P (2011)\u00a0Economic and environmental impacts of milk quota reform in Europe,\u00a0<em>Journal of Policy Modeling,<\/em>\u00a033(1), Elsevier<\/p>\n<p>Wolf O, P\u00e9rez Dom\u00ednguez I, Rueda Cantuche J.M, Tukker A, Kleijn R, de Koning A,\u00a0Bausch-Goldbohm S and\u00a0Verheijden M (2011) Do healthy diets in Europe matter to the environment? A quantitative analysis,\u00a0<em>Journal of Poliy Modeling,<\/em>\u00a033(1), Elsevier<\/p>\n<p>Britz W, P\u00e9rez Dom\u00ednguez I. and T Heckelei (2010) A comparison of CAPRI and SEAMLESS-IF as integrated modelling systems, in Brouwer F.M and Van Ittersum M (eds) Environmental and agricultural modelling: Integrated approaches for policy impact assessment, 325 p., Hardcover, ISBN: 978-90-481-3618-6, Springer<\/p>\n<p>P\u00e9rez Dom\u00ednguez\u00a0 I, Britz W and Holm-M\u00fcller K (2009) Trading Schemes for Greenhouse Gas Emissions from European Agriculture &#8211; A Comparative Analysis based on different Implementation Options, in\u00a0<em>Review of Agricultural and Environmental Studies<\/em>, 90(3), pp.287-308.<\/p>\n<p>P\u00e9rez Dom\u00ednguez\u00a0 I, Bezlepkina I, Heckelei T, Oude Lansink A, Romstad E and Kannellopoulos A (2009) Capturing market impacts of farm level policies: a statistical extrapolation approach using biophysical characteristics and farm resources,\u00a0<em>in Environmental Science and Policy<\/em>, 12(5), pp. 588-600, doi:10.1016\/j.envsci.2009.02.006<\/p>\n<p>Zimmermann A, Heckelei T and P\u00e9rez Dom\u00ednguez I (2009) Modelling Farm Structural Change for Integrated Ex-ante Assessment: Review of Methods and Determinants,\u00a0<em>in Environmental Science and Policy,<\/em>\u00a012(5), pp. 601-618, doi:10.1016\/j.envsci.2009.01.014<\/p>\n<p>P\u00e9rez Dom\u00ednguez I, Gay S.H and M&#8217;Barek R (2008) An integrated model platform for the economic assessment of agricultural policies in the European Union,\u00a0<em>in Agrarwirtschaft,<\/em>\u00a057(8), pp. 379-385<\/p>\n<p>P\u00e9rez Dom\u00ednguez I and Holm-M\u00fcller (2007) Opt-in of the Agricultural Sector to the European Trading Scheme for Greenhouse Gas Emissions \u2013 A Proposal and its possible effects,\u00a0<em>in Agrarwirtschaft,<\/em>\u00a0Jahrgang 56(8), pp.354-365<\/p>\n<p>P\u00e9rez Dom\u00ednguez\u00a0 I and Wieck C (2006) Welfare distribution between EU Member States through different national decoupling options &#8211; Implications for Spain,\u00a0<em>in Econom\u00eda Agraria y Recursos Naturales,<\/em>\u00a06(11), pp.109-137<\/p>\n<p>Britz W, Heckelei T and P\u00e9rez Dom\u00ednguez\u00a0 I (2006) Land Use Effects of Decoupling: An EU wide, regionally differentiated Analysis,\u00a0<em>in Agrarwirtschaft,<\/em>\u00a0Jahrgang 55(5\/6), pp.216-226<\/p>\n<p>P\u00e9rez Dom\u00ednguez\u00a0 I (2006) Greenhouse Gases: Inventories, Abatement Costs and Markets for Emission Permits in European Agriculture &#8211; A Modelling Approach,\u00a0 Peter Lang, European University Studies, ISBN 3-631-55082-0, 213 pp.<\/p>\n","protected":false},"excerpt":{"rendered":"<p>Rosenzweig C., Ruane, A.C., Antle J., Elliott J., Ashfaq M., Chatta A., Ewert F., Hathie I.,\u00a0 Havlik P., Hoogenboom G., Lotze-Campen H., Mason-D\u2019Croz D., MacCarthy D.S., M\u00fcller C., Perez-Dominguez I., Phillips M., Porter C., Raymundo R., Sands R., Schleussner C.F., Valdivia R., Valin H. and K. Wiebe (2018) Coordinating AgMIP data and models across global [&hellip;]<\/p>\n","protected":false},"author":4,"featured_media":0,"parent":36,"menu_order":1,"comment_status":"closed","ping_status":"closed","template":"","meta":{"site-sidebar-layout":"default","site-content-layout":"default","ast-site-content-layout":"","site-content-style":"default","site-sidebar-style":"default","ast-global-header-display":"","ast-banner-title-visibility":"","ast-main-header-display":"","ast-hfb-above-header-display":"","ast-hfb-below-header-display":"","ast-hfb-mobile-header-display":"","site-post-title":"","ast-breadcrumbs-content":"","ast-featured-img":"","footer-sml-layout":"","theme-transparent-header-meta":"default","adv-header-id-meta":"","stick-header-meta":"","header-above-stick-meta":"","header-main-stick-meta":"","header-below-stick-meta":"","astra-migrate-meta-layouts":"default","ast-page-background-enabled":"default","ast-page-background-meta":{"desktop":{"background-color":"var(--ast-global-color-4)","background-image":"","background-repeat":"repeat","background-position":"center center","background-size":"auto","background-attachment":"scroll","background-type":"","background-media":"","overlay-type":"","overlay-color":"","overlay-opacity":"","overlay-gradient":""},"tablet":{"background-color":"","background-image":"","background-repeat":"repeat","background-position":"center center","background-size":"auto","background-attachment":"scroll","background-type":"","background-media":"","overlay-type":"","overlay-color":"","overlay-opacity":"","overlay-gradient":""},"mobile":{"background-color":"","background-image":"","background-repeat":"repeat","background-position":"center center","background-size":"auto","background-attachment":"scroll","background-type":"","background-media":"","overlay-type":"","overlay-color":"","overlay-opacity":"","overlay-gradient":""}},"ast-content-background-meta":{"desktop":{"background-color":"var(--ast-global-color-5)","background-image":"","background-repeat":"repeat","background-position":"center center","background-size":"auto","background-attachment":"scroll","background-type":"","background-media":"","overlay-type":"","overlay-color":"","overlay-opacity":"","overlay-gradient":""},"tablet":{"background-color":"var(--ast-global-color-5)","background-image":"","background-repeat":"repeat","background-position":"center center","background-size":"auto","background-attachment":"scroll","background-type":"","background-media":"","overlay-type":"","overlay-color":"","overlay-opacity":"","overlay-gradient":""},"mobile":{"background-color":"var(--ast-global-color-5)","background-image":"","background-repeat":"repeat","background-position":"center center","background-size":"auto","background-attachment":"scroll","background-type":"","background-media":"","overlay-type":"","overlay-color":"","overlay-opacity":"","overlay-gradient":""}},"footnotes":""},"class_list":["post-38","page","type-page","status-publish","hentry"],"_links":{"self":[{"href":"https:\/\/www.ignacioperez.eu\/en\/wp-json\/wp\/v2\/pages\/38","targetHints":{"allow":["GET"]}}],"collection":[{"href":"https:\/\/www.ignacioperez.eu\/en\/wp-json\/wp\/v2\/pages"}],"about":[{"href":"https:\/\/www.ignacioperez.eu\/en\/wp-json\/wp\/v2\/types\/page"}],"author":[{"embeddable":true,"href":"https:\/\/www.ignacioperez.eu\/en\/wp-json\/wp\/v2\/users\/4"}],"replies":[{"embeddable":true,"href":"https:\/\/www.ignacioperez.eu\/en\/wp-json\/wp\/v2\/comments?post=38"}],"version-history":[{"count":1,"href":"https:\/\/www.ignacioperez.eu\/en\/wp-json\/wp\/v2\/pages\/38\/revisions"}],"predecessor-version":[{"id":44,"href":"https:\/\/www.ignacioperez.eu\/en\/wp-json\/wp\/v2\/pages\/38\/revisions\/44"}],"up":[{"embeddable":true,"href":"https:\/\/www.ignacioperez.eu\/en\/wp-json\/wp\/v2\/pages\/36"}],"wp:attachment":[{"href":"https:\/\/www.ignacioperez.eu\/en\/wp-json\/wp\/v2\/media?parent=38"}],"curies":[{"name":"wp","href":"https:\/\/api.w.org\/{rel}","templated":true}]}}