{"id":37,"date":"2021-01-30T18:13:26","date_gmt":"2021-01-30T18:13:26","guid":{"rendered":"https:\/\/www.ignacioperez.eu\/?page_id=37"},"modified":"2021-01-30T18:15:17","modified_gmt":"2021-01-30T18:15:17","slug":"other-scientific-contributions","status":"publish","type":"page","link":"https:\/\/www.ignacioperez.eu\/en\/publications\/other-scientific-contributions\/","title":{"rendered":"Other scientific contributions"},"content":{"rendered":"<p>Jansson T, P\u00e9rez Dom\u00ednguez I\u00a0and\u00a0Weiss F\u00a0(2010) Estimation of Greenhouse Gas coefficients per Commodity and World Region to Capture Emission Leakage in European Agriculture, Proceedings of the 119th EAAE Seminar Sustainability in the Food Sector: Rethinking the Relationship between the Agro-Food System and the Natural, Social, Economic and Institutional Environments\u2019, Capri, Italy, June, 30th \u2013 July 2nd<\/p>\n<p>P\u00e9rez Dom\u00ednguez I and Britz W (2010) Greenhouse Gas Emission Trading in European agriculture: a comparison of different policy implementation options in year 2020, Proceedings of the Public Trade Policy Research and Analysis Symposium, June 27-29, Hohenheim<\/p>\n<p>Gocht A, P\u00e9rez Dom\u00ednguez and Cristoiu A (2010) Update of a quantitative tool for farm systems level analysis of agricultural policies, JRC Scientific and Technical Reports, Institute for Prospective Technological Studies, Seville, EUR 24321 EN, URL:\u00a0<a href=\"ftp:\/\/ftp.jrc.es\/pub\/EURdoc\/JRC53518.pdf\">ftp:\/\/ftp.jrc.es\/pub\/EURdoc\/JRC53518.pdf<\/a><\/p>\n<p>Tonini A and P\u00e9rez Dom\u00ednguez I (2009) Review of Main Methodological Approaches Quantifying the Economic Effects of the European Milk Quota Scheme, JRC Scientific and Technical Reports, Institute for Prospective Technological Studies, Seville, EUR 24016 EN, URL:\u00a0<a href=\"http:\/\/ftp.jrc.es\/EURdoc\/JRC53822.pdf\">http:\/\/ftp.jrc.es\/EURdoc\/JRC53822.pdf<\/a><\/p>\n<p>M\u00fcller M, P\u00e9rez Dom\u00ednguez I and Gay S.H (2009) Construction of Social Accounting Matrices for EU27 with a Disaggregated Agricultural Sector (AgroSAMs), JRC Scientific and Technical Reports, Institute for Prospective Technological Studies, EUR 24010 EN, URL:\u00a0<a href=\"http:\/\/ipts.jrc.ec.europa.eu\/publications\/pub.cfm?id=2679\">http:\/\/ipts.jrc.ec.europa.eu\/publications\/pub.cfm?id=2679<\/a><\/p>\n<p>Witzke P,\u00a0Kempen M,\u00a0P\u00e9rez Dom\u00ednguez I, Jansson T, Sckokai P, Helming J, Heckelei T, Moro D, Tonini A\u00a0and Fellmann T (2009) Regional Economic\u00a0Analysis of\u00a0the Abolition of the Milk Quota Regime in Europe, JRC Scientific and Technical Reports, Institute for Prospective Technological Studies, Seville, EUR 23961 EN, URL:\u00a0<a href=\"http:\/\/ftp.jrc.es\/EURdoc\/JRC53116.pdf\">http:\/\/ftp.jrc.es\/EURdoc\/JRC53116.pdf<\/a><\/p>\n<p>Alba S\u00e1nchez J, P\u00e9rez Dom\u00ednguez I, Torres Barrado J.M, Minghini L and\u00a0D\u00edaz Corchero M.A (2009) Grid-based solutions for computing large scale economic optimisation problems using virtualisation, poster presented\u00a0at Ibergrid 2009, June 2009, Valencia<\/p>\n<p>Tukker A, Bausch-Goldbohm S, Verheijden M, Koning A de, Kleijn R, Wolf O and\u00a0P\u00e9rez Dom\u00ednguez I\u00a0(2009) Environmental Impacts of Diet Changes in the EU, JRC Scientific and Technical Reports, Institute for Prospective Technological Studies, Seville, EUR 23783 EN, URL:\u00a0<a href=\"http:\/\/ipts.jrc.ec.europa.eu\/publications\/pub.cfm?id=2359\">http:\/\/ipts.jrc.ec.europa.eu\/publications\/pub.cfm?id=2359<\/a><\/p>\n<p>P\u00e9rez Dom\u00ednguez I (2009) El estado actual y el futuro de los biocombustibles en Europa. Biomasa de origen agr\u00edcola y agroindustrial, presentation at the XVII Foro Universitario Juan Luis Vives, February 2009, Valencia<\/p>\n<p>P\u00e9rez Dom\u00ednguez I (2009) EXPAMOD: Connecting the Farm and Market Models, paper presented at the\u00a0AgSAP Conference, March 2009, Egmond aan Zee<\/p>\n<p>M\u00fcller M and P\u00e9rez Dom\u00ednguez I (2009) Comparison of econometric techniques for deriving consolidated databases: the AGROSAM case, poster presented at the\u00a0AgSAP Conference, March 2009, Egmond aan Zee<\/p>\n<p>P\u00e9rez Dom\u00ednguez\u00a0 I, Bezlepkina I, Heckelei T, Oude Lansink A, Romstad E and Kannellopoulos A\u00a0(2008) EXPAMOD: A methodological Tool for Linking Farm and Market Models by Means of Econometric Response Functions, paper presented at the 12th Congress of the European Association of Agricultural Economists, URL:\u00a0<a href=\"http:\/\/ageconsearch.umn.edu\/bitstream\/43838\/2\/627.pdf\">http:\/\/ageconsearch.umn.edu\/bitstream\/43838\/2\/627.pdf<\/a>,\u00a0August 2008, Ghent<\/p>\n<p>M\u00fcller M and P\u00e9rez Dom\u00ednguez I (2008) Compilation of Social Accounting Matrices with a Detailed Representation of the Agricultural Sector (AgroSAM), paper presented at the\u00a011th Annual Conference on Global Economic Analysis, June 12-14 2008, Helsinki, Finland<\/p>\n<p>P\u00e9rez Dom\u00ednguez I and M&#8217;Barek R (2008) Domestic Production\/Use and Imports of Biofuel Feedstocks in the EU: Current Situation and Future Perspectives, presentation at the Workshop &#8216;GM crops for biofuels production in the EU&#8217;, May 2008, Seville<\/p>\n<p>Witzke P, Banse M, G\u00f6mann H, Heckelei T, Breuer T, Mann S, Kempen M, Aden\u00e4uer M, Zintl A,\u00a0P\u00e9rez Dom\u00ednguez I and M\u00fcller M (2008) Modelling of Energy-Crops in Agricultural Sector Models &#8211;\u00a0A Review of Existing Methodologies, JRC Scientific and Technical Reports, Institute for Prospective and Technological Studies, Seville, EUR 23355 EN, URL:\u00a0<a href=\"http:\/\/ipts.jrc.ec.europa.eu\/publications\/pub.cfm?id=1567\">http:\/\/ipts.jrc.ec.europa.eu\/publications\/pub.cfm?id=1567<\/a><\/p>\n<p>P\u00e9rez Dom\u00ednguez I (2008) EXPAMOD \u2013 A Tool for Linking Farm Level and Market Level Models, presented at the SENSOR Conference,\u00a0 April 2008, Berlin<\/p>\n<p>P\u00e9rez Dom\u00ednguez I (2008) Modelos de agricultura europea para pol\u00edtica agraria y empleo de programaci\u00f3n positiva, presented at the FuturPAC Seminar, February, C\u00f3rdoba<\/p>\n<p>M\u00fcller M and P\u00e9rez Dom\u00ednguez I (2008) From Partial Equilibrium to\u00a0General Equilibrium Models: Linking of Databases by Means of Entropy Techniques, poster presented at the 107th EAAE Seminar, January 29 &#8211; February 1, Seville<\/p>\n<p>Witzke P and P\u00e9rez Dominguez (2008) Review of Existing Methodologies related to the Representation of Biofuels and Biomass Production in Economic Models, poster presented at the 107th EAAE Seminar, January 29 &#8211; February 1, Seville<\/p>\n<p>P\u00e9rez Dom\u00ednguez\u00a0 I, Britz W and Holm-M\u00fcller K (2007) Modelling a Trading Scheme for Green House Gas Emissions from European Agriculture. A Comparative Analysis based on different Policy Options, EcoMod International Conference on Energy and Environmental Modelling ECOMOD Conference, Moscow (Russia), 13-14 September<\/p>\n<p>Bezlepkina I, P\u00e9rez Dom\u00ednguez\u00a0 I, Heckelei T, Oude Lansink A, Romstad E (2007) Linking farm and market models by means of response functions, Farming Systems Design conference, Catania (Italy), 10-12 September<\/p>\n<p>Janssen S, Bezlepkina I, P\u00e9rez Dom\u00ednguez\u00a0 I, Athanasiadis I and\u00a0Oude Lansink A.(2006) &#8216;Translating Disciplinary Knowledge: Model Coupling through Knowledge Bases&#8217;, 9th PREBEM Conference on Business Economics, Management and Organization Science, October 5th 2006, Amersfoort (Netherlands)<\/p>\n<p>Wieck C, P\u00e9rez Dom\u00ednguez\u00a0 I and\u00a0Junker F (2006) Combining Global Trade Analysis with Regional Impact Assessment: Effects of Trade Liberalisation under the recent CAP Reform, WSU Technical Working Papers, TWP-06-116<\/p>\n<p><span lang=\"de\">Junker F, Britz W, Heckelei T, P\u00e9rez Dom\u00ednguez\u00a0 I and\u00a0Wieck C. (2005) How sustainable is the latest CAP Reform under the possible Trade Liberalisation Outcomes of the Doha Round?, Paper presented at the at the IATRC summer meeting 2005, Sevilla, June 16\/17: &#8216;Pressures for Agricultural Reform: WTO Panels and the Doha Round Negotiations&#8217;<\/span><\/p>\n<p><span lang=\"de\">P\u00e9rez Dom\u00ednguez\u00a0 I and Holm-M\u00fcller K (2005) Economic Incentives and Technological Options to Global Warming Emission Abatement in European Agriculture, Proceedings of the 89th European Seminar of the European Association of Agricultural Economists (EAAE), pp.413-425 ISBN 88-7847-051-1<\/span><\/p>\n<p><span lang=\"de\">P\u00e9rez Dom\u00ednguez\u00a0 I, Britz W and Holm-M\u00fcller K. (2004) The Use of Tradable Permits in the European Agriculture as a feasible and cost-effective Mitigation Strategy, Poster presented at the International Conference on Greenhouse Gas Emissions from Agriculture &#8211; Mitigation Options and Strategies, Leipzig (Germany), February 10-12, Conference Proceedings pp. 335-336<\/span><\/p>\n<p>Perez Dom\u00ednguez I and\u00a0Britz W (2004) Reduction of Global Warming Emissions in the European Agriculture through a Tradable Permit System.\u00a0<span lang=\"de\">An Analysis with the Regional Agricultural Model CAPRI, Schriften der Gesellschaft f\u00fcr Wirtschafts- und Sozialwissenschaften des Landbaues e.V., Bd. 39, pp. 231-239<\/span><\/p>\n<p>Wieck C, P\u00e9rez Dom\u00ednguez\u00a0 I, Jansson T and\u00a0Britz W (2004) Auswirkungen der MTR-Beschl\u00fcsse auf die Landnutzung in den europ\u00e4ischen Regionen und Betrieben &#8211; Eine quantitative Analyse mit CAPRI Modellsystem, Schriften der Gesellschaft f\u00fcr Wirtschafts- und Sozialwissenschaften des Landbaues e.V., Bd. 39, pp. 87-96<\/p>\n<p>Junker F, Wieck C, P\u00e9rez Dom\u00ednguez\u00a0 I and\u00a0Jansson T (2003) Policy Description in the CAPRI Model, Working Paper 03-03, CAP-STRAT Project , Institute for Agricultural Policy, Bonn (Germany)<\/p>\n<p>P\u00e9rez Dom\u00ednguez\u00a0 I and Britz W (2003) Regional Nitrate Balances for Europe at a Medium Term Perspective under different CAP policy options, Final report for the Umweltbundesamt<\/p>\n<p>P\u00e9rez Dom\u00ednguez\u00a0 I, Wieck C and\u00a0Britz W (2003): New challenges for the European Agriculture: modelling agricultural reform under the new WTO proposals, Paper presented at the Conference &#8216;Agricultural policy reform and the WTO: where are we heading?&#8217;, Capri (Italy), June 23-26<\/p>\n<p>Wieck C, P\u00e9rez Dom\u00ednguez\u00a0 I and\u00a0Britz W (2003): New challenges for the European Agriculture: modelling agricultural reform under the new WTO proposals, Paper presented for the 2003 ECOMOD Conference, Istambul (Turkey), July 3-5<\/p>\n<p>P\u00e9rez Dom\u00ednguez\u00a0 I, Wieck C and\u00a0Britz W (2003): Modelling of passive environmental indicators for the European Agriculture: the role of marginal abatement costs, 12th Annual Conference of the EAERE, Bilbao (Spain), June 28-30<\/p>\n<p>Britz W and\u00a0P\u00e9rez Dom\u00ednguez\u00a0 I (2003): Development of models and tools for assessing the environmental impact of agricultural policies,\u00a0Research Report of the European Commission, Directorate-General for the Environment<\/p>\n<p><span lang=\"ES-TRAD\">Wieck C, P\u00e9rez Dom\u00ednguez\u00a0 I and BritzW (2003): Expectativas a Medio Plazo del Mercado L\u00e1cteo Europeo tras las Propuestas de Agenda 2000 y Revisi\u00f3n Intermedia &#8211; Un An\u00e1lisis cuantitativo y regional del Sector L\u00e1cteo Espa\u00f1ol con el Modelo CAPRI, Paper presented at the AEEA Seminar, 13-14 March 2003<\/span><\/p>\n<p>Britz W, P\u00e9rez Dom\u00ednguez\u00a0 I\u00a0and Wieck C (2003): Mid-Term Review Proposal Impact Analysis with the CAPRI Modelling System, In: Mid-Term Review of the Common Agricultural Policy. July 2002 Proposals Impact Analyses, European Commission, Directorate-General for Agriculture ed., pp. 111-140, Brussels<\/p>\n<p><span lang=\"de\">P\u00e9rez Dom\u00ednguez\u00a0 I and\u00a0Holm-M\u00fcller K (2002): M\u00f6glichkeiten f\u00fcr den Einsatz von handelbaren Zertifikaten zur Verringerung der Treibhausgase aus dem Agrarsektor, Paper presented at the Conference &#8216;Bedeutung der Wechselwirkung Biosph\u00e4re-Atmosph\u00e4re f\u00fcr die nachhaltige Nutzung der Biosph\u00e4re und den Klimaschutz&#8217;, Bonn (Germany), September 16-17, Bundesministerum f\u00fcr Bildung und Forschung, Conference Proceedings pp. 217-224<\/span><\/p>\n<p>P\u00e9rez Dom\u00ednguez\u00a0 I\u00a0 (2002): A social value for regional agri-environmental policy: The afforestation program in Navarra. Methodological aspects of a contingent valuation analysis, Poster presented at the 10th EAAE Congress, Zaragoza (Spain), August 28-31, 2002<\/p>\n","protected":false},"excerpt":{"rendered":"<p>Jansson T, P\u00e9rez Dom\u00ednguez I\u00a0and\u00a0Weiss F\u00a0(2010) Estimation of Greenhouse Gas coefficients per Commodity and World Region to Capture Emission Leakage in European Agriculture, Proceedings of the 119th EAAE Seminar Sustainability in the Food Sector: Rethinking the Relationship between the Agro-Food System and the Natural, Social, Economic and Institutional Environments\u2019, Capri, Italy, June, 30th \u2013 July [&hellip;]<\/p>\n","protected":false},"author":4,"featured_media":0,"parent":36,"menu_order":2,"comment_status":"closed","ping_status":"closed","template":"","meta":{"site-sidebar-layout":"default","site-content-layout":"default","ast-site-content-layout":"","site-content-style":"default","site-sidebar-style":"default","ast-global-header-display":"","ast-banner-title-visibility":"","ast-main-header-display":"","ast-hfb-above-header-display":"","ast-hfb-below-header-display":"","ast-hfb-mobile-header-display":"","site-post-title":"","ast-breadcrumbs-content":"","ast-featured-img":"","footer-sml-layout":"","theme-transparent-header-meta":"default","adv-header-id-meta":"","stick-header-meta":"","header-above-stick-meta":"","header-main-stick-meta":"","header-below-stick-meta":"","astra-migrate-meta-layouts":"default","ast-page-background-enabled":"default","ast-page-background-meta":{"desktop":{"background-color":"var(--ast-global-color-4)","background-image":"","background-repeat":"repeat","background-position":"center center","background-size":"auto","background-attachment":"scroll","background-type":"","background-media":"","overlay-type":"","overlay-color":"","overlay-opacity":"","overlay-gradient":""},"tablet":{"background-color":"","background-image":"","background-repeat":"repeat","background-position":"center center","background-size":"auto","background-attachment":"scroll","background-type":"","background-media":"","overlay-type":"","overlay-color":"","overlay-opacity":"","overlay-gradient":""},"mobile":{"background-color":"","background-image":"","background-repeat":"repeat","background-position":"center center","background-size":"auto","background-attachment":"scroll","background-type":"","background-media":"","overlay-type":"","overlay-color":"","overlay-opacity":"","overlay-gradient":""}},"ast-content-background-meta":{"desktop":{"background-color":"var(--ast-global-color-5)","background-image":"","background-repeat":"repeat","background-position":"center center","background-size":"auto","background-attachment":"scroll","background-type":"","background-media":"","overlay-type":"","overlay-color":"","overlay-opacity":"","overlay-gradient":""},"tablet":{"background-color":"var(--ast-global-color-5)","background-image":"","background-repeat":"repeat","background-position":"center center","background-size":"auto","background-attachment":"scroll","background-type":"","background-media":"","overlay-type":"","overlay-color":"","overlay-opacity":"","overlay-gradient":""},"mobile":{"background-color":"var(--ast-global-color-5)","background-image":"","background-repeat":"repeat","background-position":"center center","background-size":"auto","background-attachment":"scroll","background-type":"","background-media":"","overlay-type":"","overlay-color":"","overlay-opacity":"","overlay-gradient":""}},"footnotes":""},"class_list":["post-37","page","type-page","status-publish","hentry"],"_links":{"self":[{"href":"https:\/\/www.ignacioperez.eu\/en\/wp-json\/wp\/v2\/pages\/37","targetHints":{"allow":["GET"]}}],"collection":[{"href":"https:\/\/www.ignacioperez.eu\/en\/wp-json\/wp\/v2\/pages"}],"about":[{"href":"https:\/\/www.ignacioperez.eu\/en\/wp-json\/wp\/v2\/types\/page"}],"author":[{"embeddable":true,"href":"https:\/\/www.ignacioperez.eu\/en\/wp-json\/wp\/v2\/users\/4"}],"replies":[{"embeddable":true,"href":"https:\/\/www.ignacioperez.eu\/en\/wp-json\/wp\/v2\/comments?post=37"}],"version-history":[{"count":1,"href":"https:\/\/www.ignacioperez.eu\/en\/wp-json\/wp\/v2\/pages\/37\/revisions"}],"predecessor-version":[{"id":40,"href":"https:\/\/www.ignacioperez.eu\/en\/wp-json\/wp\/v2\/pages\/37\/revisions\/40"}],"up":[{"embeddable":true,"href":"https:\/\/www.ignacioperez.eu\/en\/wp-json\/wp\/v2\/pages\/36"}],"wp:attachment":[{"href":"https:\/\/www.ignacioperez.eu\/en\/wp-json\/wp\/v2\/media?parent=37"}],"curies":[{"name":"wp","href":"https:\/\/api.w.org\/{rel}","templated":true}]}}